{"id":2,"date":"2022-01-15T10:58:41","date_gmt":"2022-01-15T09:58:41","guid":{"rendered":"https:\/\/www.petrsuda.cz.uvirt117.active24.cz\/pomocna\/?page_id=2"},"modified":"2024-01-02T11:24:39","modified_gmt":"2024-01-02T10:24:39","slug":"zkusebni-stranka","status":"publish","type":"page","link":"https:\/\/stavebnipartner.cz\/","title":{"rendered":"\u00davodn\u00ed str\u00e1nka"},"content":{"rendered":"\n<p class=\"has-small-font-size\">Na\u0161e \u010dinnost je zam\u011b\u0159ena na poradenstv\u00ed investor\u016fm v oblasti staveb rodinn\u00fdch dom\u016f. Pom\u00e1h\u00e1me ale tak\u00e9 nap\u0159. majitel\u016fm pozemk\u016f, jak tyto pozemky maxim\u00e1ln\u011b zhodnotit.<\/p>\n\n\n\n<p class=\"has-small-font-size\">Investory jsou v\u011bt\u0161inou soukrom\u00e9 osoby nebo spole\u010dnosti, jejich\u017e z\u00e1m\u011brem je zhodnocen\u00ed vlastn\u00edch investic. Pod\u00edl\u00edme se na vypracov\u00e1n\u00ed projekt\u016f v\u00fdstavby, koordinujeme p\u0159edstavebn\u00ed i stavebn\u00ed f\u00e1ze projekt\u016f, propojujeme investory s vybran\u00fdmi Partnery = dodavateli materi\u00e1l\u016f a slu\u017eeb.<\/p>\n\n\n\n<p class=\"has-black-color has-text-color has-small-font-size\">Celkov\u00fdm v\u00fdsledkem je rychlej\u0161\u00ed a levn\u011bj\u0161\u00ed realizace projekt\u016f d\u00edky na\u0161im znalostem a zku\u0161enostem v oblasti in\u017een\u00fdringu a stavebn\u00ed \u010dinnosti a d\u00edky dlouholet\u00e9 spolupr\u00e1ci s dodavateli (lep\u0161\u00ed ceny, rychlej\u0161\u00ed dod\u00e1vky pop\u0159. reklamace apod.).<\/p>\n\n\n\n<p class=\"has-black-color has-text-color has-small-font-size\">Dodavatel\u00e9 i mana\u017ee\u0159i MEZZI jsou napojeni na sofistikovan\u00fd on-line obchodn\u00ed a komunika\u010dn\u00ed syst\u00e9m (MEZZI-CRM), kter\u00fd umo\u017e\u0148uje v\u0161em z\u00fa\u010dastn\u011bn\u00fdm sd\u00edlet kontakty, informace a zad\u00e1vat nebo sledovat aktivity konkr\u00e9tn\u00edch obchodn\u00edch p\u0159\u00edpad\u016f. \u00a0<\/p>\n","protected":false},"excerpt":{"rendered":"<p>Na\u0161e \u010dinnost je zam\u011b\u0159ena na poradenstv\u00ed investor\u016fm v oblasti staveb rodinn\u00fdch dom\u016f. Pom\u00e1h\u00e1me ale tak\u00e9 nap\u0159. majitel\u016fm pozemk\u016f, jak tyto pozemky maxim\u00e1ln\u011b zhodnotit. Investory jsou v\u011bt\u0161inou soukrom\u00e9 osoby nebo spole\u010dnosti, jejich\u017e z\u00e1m\u011brem je zhodnocen\u00ed vlastn\u00edch investic. Pod\u00edl\u00edme se na vypracov\u00e1n\u00ed projekt\u016f v\u00fdstavby, koordinujeme p\u0159edstavebn\u00ed i stavebn\u00ed f\u00e1ze projekt\u016f, propojujeme investory s vybran\u00fdmi Partnery = dodavateli [&hellip;]<\/p>\n","protected":false},"author":1,"featured_media":0,"parent":0,"menu_order":0,"comment_status":"closed","ping_status":"open","template":"","meta":{"footnotes":""},"class_list":["post-2","page","type-page","status-publish","hentry","post-preview"],"_links":{"self":[{"href":"https:\/\/stavebnipartner.cz\/index.php?rest_route=\/wp\/v2\/pages\/2","targetHints":{"allow":["GET"]}}],"collection":[{"href":"https:\/\/stavebnipartner.cz\/index.php?rest_route=\/wp\/v2\/pages"}],"about":[{"href":"https:\/\/stavebnipartner.cz\/index.php?rest_route=\/wp\/v2\/types\/page"}],"author":[{"embeddable":true,"href":"https:\/\/stavebnipartner.cz\/index.php?rest_route=\/wp\/v2\/users\/1"}],"replies":[{"embeddable":true,"href":"https:\/\/stavebnipartner.cz\/index.php?rest_route=%2Fwp%2Fv2%2Fcomments&post=2"}],"version-history":[{"count":7,"href":"https:\/\/stavebnipartner.cz\/index.php?rest_route=\/wp\/v2\/pages\/2\/revisions"}],"predecessor-version":[{"id":184,"href":"https:\/\/stavebnipartner.cz\/index.php?rest_route=\/wp\/v2\/pages\/2\/revisions\/184"}],"wp:attachment":[{"href":"https:\/\/stavebnipartner.cz\/index.php?rest_route=%2Fwp%2Fv2%2Fmedia&parent=2"}],"curies":[{"name":"wp","href":"https:\/\/api.w.org\/{rel}","templated":true}]}}