{"id":26,"date":"2022-01-15T12:43:05","date_gmt":"2022-01-15T11:43:05","guid":{"rendered":"https:\/\/www.petrsuda.cz.uvirt117.active24.cz\/pomocna\/?page_id=26"},"modified":"2024-01-02T11:23:40","modified_gmt":"2024-01-02T10:23:40","slug":"o-projektu","status":"publish","type":"page","link":"https:\/\/stavebnipartner.cz\/?page_id=26","title":{"rendered":"O projektu MEZZI"},"content":{"rendered":"\n<p class=\"has-small-font-size\"><strong>C\u00edl a z\u00e1m\u011br projektu<\/strong><br>Z\u00e1m\u011brem projektu je vybudov\u00e1n\u00ed aktivn\u00edho poradensko-obchodn\u00edho centra v oblasti staveb rodinn\u00fdch dom\u016f.<br>Know-how je ve vytvo\u0159en\u00ed funk\u010dn\u00edho AKTIVN\u00cdHO syst\u00e9mu propojen\u00ed investor\u016f s dodavateli v jednotn\u00e9m prost\u0159ed\u00ed sd\u00edlen\u00ed dat,\u00a0informac\u00ed a kontakt\u016f v\u010detn\u011b on-line sledov\u00e1n\u00ed obchodn\u00edch p\u0159\u00edpad\u016f &#8211; syst\u00e9mu<a href=\"http:\/\/www.stavebnipartner.cz\/spollu-crm\/\" target=\"_blank\" rel=\"noreferrer noopener\">\u00a0<\/a>MEZZI-CRM.<\/p>\n\n\n\n<p class=\"has-small-font-size\"><strong>Aktivn\u00ed osobn\u00ed komunikace<br><\/strong>V\u00fdjime\u010dnost projektu je p\u0159edev\u0161\u00edm v propojen\u00ed v\u0161ech z\u00fa\u010dastn\u011bn\u00fdch ve speci\u00e1ln\u00edm obchodn\u00edm a komunika\u010dn\u00edm on-line syst\u00e9mu sledov\u00e1n\u00ed jednotliv\u00fdch z\u00e1jm\u016f stavebn\u00edk\u016f (P\u0159\u00edle\u017eitost\u00ed) \u2013\u00a0 MEZZI-CRM.<\/p>\n\n\n\n<p class=\"has-small-font-size\"><strong>Komplexn\u00ed slu\u017eba a obchod v jednom<\/strong><br>Projekt\u00a0<strong>MEZZI &#8211;\u00a0STAVEBN\u00cd PARTNER<\/strong>\u00a0je zalo\u017een na spojen\u00ed slu\u017eby a obchodu, kter\u00e9 v oblasti stavebn\u00edho trhu chyb\u011blo.<\/p>\n\n\n\n<p class=\"has-small-font-size\">Slu\u017ebou je poradensk\u00e1 \u010dinnost. Investor\u016fm rad\u00ed odborn\u00edci jednotliv\u00fdch dodavatel\u016f v po\u010d\u00e1tc\u00edch i pr\u016fb\u011bhu stavby, kdy jsou hlavn\u011b praktick\u00e9 rady a pomoc nejd\u016fle\u017eit\u011bj\u0161\u00ed. Pomoci m\u016f\u017eeme i v oblasti finan\u010dn\u00edch nebo realitn\u00edch slu\u017eeb (nap\u0159. vyjedn\u00e1n\u00ed hypot\u00e9ky nebo hled\u00e1n\u00ed vhodn\u00e9 parcely pro stavbu apod.), zajist\u00edme stavebn\u00ed dozor. Poradenstv\u00ed zaji\u0161\u0165ujeme i v \u201ep\u0159edstavebn\u00edch\u201c starostech &#8211; v\u00fdb\u011br projektu, vypracov\u00e1n\u00ed Koordina\u010dn\u00ed situace, celkov\u00e1 pomoc s in\u017een\u00fdringem apod.<br><br>Obchodem jsou nab\u00eddky materi\u00e1l\u016f, slu\u017eeb, vybaven\u00ed, p\u0159\u00edslu\u0161enstv\u00ed nebo dopl\u0148k\u016f r\u016fzn\u00fdch Partner\u016f projektu, kdy investo\u0159i od nich dost\u00e1vaj\u00ed v\u017edy v\u00fdhodn\u011bj\u0161\u00ed ceny a jin\u00e9 v\u00fdhody.<\/p>\n","protected":false},"excerpt":{"rendered":"<p>C\u00edl a z\u00e1m\u011br projektuZ\u00e1m\u011brem projektu je vybudov\u00e1n\u00ed aktivn\u00edho poradensko-obchodn\u00edho centra v oblasti staveb rodinn\u00fdch dom\u016f.Know-how je ve vytvo\u0159en\u00ed funk\u010dn\u00edho AKTIVN\u00cdHO syst\u00e9mu propojen\u00ed investor\u016f s dodavateli v jednotn\u00e9m prost\u0159ed\u00ed sd\u00edlen\u00ed dat,\u00a0informac\u00ed a kontakt\u016f v\u010detn\u011b on-line sledov\u00e1n\u00ed obchodn\u00edch p\u0159\u00edpad\u016f &#8211; syst\u00e9mu\u00a0MEZZI-CRM. Aktivn\u00ed osobn\u00ed komunikaceV\u00fdjime\u010dnost projektu je p\u0159edev\u0161\u00edm v propojen\u00ed v\u0161ech z\u00fa\u010dastn\u011bn\u00fdch ve speci\u00e1ln\u00edm obchodn\u00edm a komunika\u010dn\u00edm on-line [&hellip;]<\/p>\n","protected":false},"author":1,"featured_media":0,"parent":0,"menu_order":1,"comment_status":"closed","ping_status":"closed","template":"","meta":{"footnotes":""},"class_list":["post-26","page","type-page","status-publish","hentry","post-preview"],"_links":{"self":[{"href":"https:\/\/stavebnipartner.cz\/index.php?rest_route=\/wp\/v2\/pages\/26","targetHints":{"allow":["GET"]}}],"collection":[{"href":"https:\/\/stavebnipartner.cz\/index.php?rest_route=\/wp\/v2\/pages"}],"about":[{"href":"https:\/\/stavebnipartner.cz\/index.php?rest_route=\/wp\/v2\/types\/page"}],"author":[{"embeddable":true,"href":"https:\/\/stavebnipartner.cz\/index.php?rest_route=\/wp\/v2\/users\/1"}],"replies":[{"embeddable":true,"href":"https:\/\/stavebnipartner.cz\/index.php?rest_route=%2Fwp%2Fv2%2Fcomments&post=26"}],"version-history":[{"count":5,"href":"https:\/\/stavebnipartner.cz\/index.php?rest_route=\/wp\/v2\/pages\/26\/revisions"}],"predecessor-version":[{"id":183,"href":"https:\/\/stavebnipartner.cz\/index.php?rest_route=\/wp\/v2\/pages\/26\/revisions\/183"}],"wp:attachment":[{"href":"https:\/\/stavebnipartner.cz\/index.php?rest_route=%2Fwp%2Fv2%2Fmedia&parent=26"}],"curies":[{"name":"wp","href":"https:\/\/api.w.org\/{rel}","templated":true}]}}