{"id":29,"date":"2022-01-15T12:52:40","date_gmt":"2022-01-15T11:52:40","guid":{"rendered":"https:\/\/www.petrsuda.cz.uvirt117.active24.cz\/pomocna\/?page_id=29"},"modified":"2024-01-02T12:01:53","modified_gmt":"2024-01-02T11:01:53","slug":"investori","status":"publish","type":"page","link":"https:\/\/stavebnipartner.cz\/?page_id=29","title":{"rendered":"Investo\u0159i"},"content":{"rendered":"\n<p class=\"has-small-font-size\"><strong>Sou\u010dasn\u00e1 situace<\/strong><br>Ka\u017ed\u00fd investor (stavebn\u00edk) si p\u0159eje, aby jeho stavba prob\u011bhla bez pot\u00ed\u017e\u00ed a za co nejm\u00e9n\u011b pen\u011bz.<br>Snahou projektu\u00a0<strong>MEZZI &#8211; STAVEBN\u00cd PARTNER<\/strong>\u00a0je toto p\u0159\u00e1n\u00ed pomoci plnit.<br>Na\u0161e \u010dinnost zaji\u0161\u0165uje investor\u016fm, aby pro\u0161li cel\u00fdm procesem v\u00fdstavby s minimem starost\u00ed \u010di probl\u00e9m\u016f.<\/p>\n\n\n\n<p class=\"has-small-font-size\">V r\u00e1mci stavby je v\u017edy v\u00edce jednotliv\u00fdch dodavatel\u016f pro r\u016fzn\u00e9 \u010d\u00e1sti stavby nebo slu\u017eby a tedy je zde vy\u0161\u0161\u00ed pravd\u011bpodobnost, \u017ee se n\u011bkde \u201en\u011bco semele&#8220;. Investo\u0159i se s n\u00e1mi pou\u0161t\u00ed do stavby p\u0159ipraveni, s dostate\u010dn\u00fdm mno\u017estv\u00edm informac\u00ed, stavebn\u00edm dozorem nebo dohledem. Naprost\u00e1 v\u011bt\u0161ina investor\u016f nem\u00e1 tolik \u010dasu, aby na stavbu st\u00e1le jezdila a v\u0161e dostate\u010dn\u011b kontrolovala a p\u0159edev\u0161\u00edm stavbu koordinovala. A to vede k probl\u00e9m\u016fm nebo chyb\u00e1m, kter\u00e9 mnohdy v kone\u010dn\u00e9m d\u016fsledku znamenaj\u00ed des\u00edtky i stovky tis\u00edc korun zbyte\u010dn\u011b vydan\u00fdch nav\u00edc.<\/p>\n\n\n\n<p class=\"has-small-font-size\"><strong>Poradensko-obchodn\u00ed centrum<\/strong><br>Projekt\u00a0<strong>MEZZI &#8211; STAVEBN\u00cd PARTNER\u00a0<\/strong>pom\u00e1h\u00e1 investor\u016fm t\u00edm, \u017ee jim poskytujeme informace a poradenstv\u00ed a propojujeme z\u00e1jmy investor\u016f s dodavateli.<\/p>\n\n\n\n<p class=\"has-small-font-size\">P\u0159i vytv\u00e1\u0159en\u00ed nab\u00eddky nebo vystaven\u00edm dokladu \u010di faktury apod. jednotliv\u00fdmi Partnery projektu je v\u017edy uvedena v\u00fdhodnost formou ur\u010dit\u00e9 slevy nebo jin\u00fdm zv\u00fdhodn\u011bn\u00edm (nap\u0159. dopravy apod.).<\/p>\n\n\n\n<p class=\"has-small-font-size\"><strong>MEZZI = \u00faspora financ\u00ed, \u010dasu a nerv\u016f<\/strong><\/p>\n","protected":false},"excerpt":{"rendered":"<p>Sou\u010dasn\u00e1 situaceKa\u017ed\u00fd investor (stavebn\u00edk) si p\u0159eje, aby jeho stavba prob\u011bhla bez pot\u00ed\u017e\u00ed a za co nejm\u00e9n\u011b pen\u011bz.Snahou projektu\u00a0MEZZI &#8211; STAVEBN\u00cd PARTNER\u00a0je toto p\u0159\u00e1n\u00ed pomoci plnit.Na\u0161e \u010dinnost zaji\u0161\u0165uje investor\u016fm, aby pro\u0161li cel\u00fdm procesem v\u00fdstavby s minimem starost\u00ed \u010di probl\u00e9m\u016f. V r\u00e1mci stavby je v\u017edy v\u00edce jednotliv\u00fdch dodavatel\u016f pro r\u016fzn\u00e9 \u010d\u00e1sti stavby nebo slu\u017eby a tedy je [&hellip;]<\/p>\n","protected":false},"author":1,"featured_media":0,"parent":0,"menu_order":2,"comment_status":"closed","ping_status":"closed","template":"","meta":{"footnotes":""},"class_list":["post-29","page","type-page","status-publish","hentry","post-preview"],"_links":{"self":[{"href":"https:\/\/stavebnipartner.cz\/index.php?rest_route=\/wp\/v2\/pages\/29","targetHints":{"allow":["GET"]}}],"collection":[{"href":"https:\/\/stavebnipartner.cz\/index.php?rest_route=\/wp\/v2\/pages"}],"about":[{"href":"https:\/\/stavebnipartner.cz\/index.php?rest_route=\/wp\/v2\/types\/page"}],"author":[{"embeddable":true,"href":"https:\/\/stavebnipartner.cz\/index.php?rest_route=\/wp\/v2\/users\/1"}],"replies":[{"embeddable":true,"href":"https:\/\/stavebnipartner.cz\/index.php?rest_route=%2Fwp%2Fv2%2Fcomments&post=29"}],"version-history":[{"count":4,"href":"https:\/\/stavebnipartner.cz\/index.php?rest_route=\/wp\/v2\/pages\/29\/revisions"}],"predecessor-version":[{"id":192,"href":"https:\/\/stavebnipartner.cz\/index.php?rest_route=\/wp\/v2\/pages\/29\/revisions\/192"}],"wp:attachment":[{"href":"https:\/\/stavebnipartner.cz\/index.php?rest_route=%2Fwp%2Fv2%2Fmedia&parent=29"}],"curies":[{"name":"wp","href":"https:\/\/api.w.org\/{rel}","templated":true}]}}