{"id":32,"date":"2022-01-15T12:56:04","date_gmt":"2022-01-15T11:56:04","guid":{"rendered":"https:\/\/www.petrsuda.cz.uvirt117.active24.cz\/pomocna\/?page_id=32"},"modified":"2024-01-02T12:02:54","modified_gmt":"2024-01-02T11:02:54","slug":"dodavatele","status":"publish","type":"page","link":"https:\/\/stavebnipartner.cz\/?page_id=32","title":{"rendered":"Dodavatel\u00e9"},"content":{"rendered":"\n<p class=\"has-small-font-size\"><strong>Propojen\u00fd syst\u00e9m<\/strong><br>Z\u00e1kladem projektu\u00a0<strong>MEZZI \u2013 STAVEBN\u00cd PARTNER<\/strong>\u00a0je aktivn\u00ed komunikace se investory, kdy se pokou\u0161\u00edme podchytit v\u0161echny jejich pot\u0159eby (z\u00e1jmy) s propojovat je se solidn\u00edmi dodavateli s nab\u00eddkou kvalitn\u00edch slu\u017eeb za velmi dobr\u00e9 ceny. Vytvo\u0159ili jsme unik\u00e1tn\u00ed obchodn\u00ed a komunika\u010dn\u00ed syst\u00e9m MEZZI-CRM, do kter\u00e9ho jsou zad\u00e1v\u00e1ny informace o stavb\u00e1ch, kontakty na  investory a ve\u0161ker\u00e9 z\u00e1jmy  investor\u016f (P\u0159\u00edle\u017eitosti). V\u0161echna tato data vytv\u00e1\u0159\u00ed nejv\u011bt\u0161\u00ed databanku staveb rodinn\u00fdch dom\u016f a rekonstrukc\u00ed v \u010cR\u00a0MEZZI-DATA.  Investo\u0159i i dodavatel\u00e9 tak maj\u00ed informace kdykoli k dispozici a nav\u00edc mohou sledovat postup vy\u0159izov\u00e1n\u00ed jednotliv\u00fdch P\u0159\u00edle\u017eitosti p\u0159\u00edstupem do speci\u00e1ln\u00ed webov\u00e9 aplikace z PC nebo mobiln\u00edch za\u0159\u00edzen\u00ed. Vytvo\u0159ili jsme seznam slu\u017eeb a \u010d\u00e1st\u00ed, ze kter\u00fdch se ka\u017ed\u00e1 stavba logicky skl\u00e1d\u00e1. A pro ka\u017edou \u010d\u00e1st vyb\u00edr\u00e1me maxim\u00e1ln\u011b p\u011bt dodavatel\u016f v r\u00e1mci jednotliv\u00fdch kraj\u016f \u010cR a sledujeme kvalitu jejich p\u0159\u00edstupu k jednotliv\u00fdm  investor\u016fm. Nezahlcujeme tak  investory des\u00edtkami nab\u00eddek neprov\u011b\u0159en\u00fdch firem, jako to d\u011blaj\u00ed popt\u00e1vkov\u00e9 servery.<\/p>\n\n\n\n<p class=\"has-small-font-size\"><strong>P\u0159esn\u00e1 pravidla a konkr\u00e9tn\u00ed kontaktn\u00ed osoby<\/strong><br>Pro ka\u017edou slu\u017ebu nebo \u010d\u00e1st stavby jsou spole\u010dn\u011b s Partnery dohodnuta p\u0159esn\u00e1 pravidla a podm\u00ednky. V\u017edy je tak\u00e9 s Partnery dohodnuta n\u011bjak\u00e1 vy\u0161\u0161\u00ed v\u00fdhodnost pro  investora, kterou z\u00edsk\u00e1v\u00e1 pouze d\u00edky projektu\u00a0<strong>MEZZI \u2013 STAVEBN\u00cd PARTNER<\/strong>. Na stran\u011b Partner\u016f jsou ur\u010deni konkr\u00e9tn\u00ed obchodn\u00ed specialist\u00e9 (telefon, e-mail), kte\u0159\u00ed jsou p\u0159\u00edm\u00fdmi kontaktn\u00edmi osobami v cel\u00e9m procesu. I tento prvek (jednozna\u010dn\u00e9 ur\u010den\u00ed konkr\u00e9tn\u00edch osob) je dal\u0161\u00ed specialitou projektu\u00a0<strong><strong>MEZZI <\/strong>\u2013 STAVEBN\u00cd PARTNER<\/strong>, kterou  investo\u0159i na projektu velmi oce\u0148uj\u00ed.<\/p>\n\n\n\n<p class=\"has-small-font-size\"><strong>Slu\u017eby a \u010d\u00e1sti stavby<\/strong><\/p>\n\n\n\n<figure class=\"wp-block-image size-full\"><a href=\"https:\/\/stavebnipartner.cz\/wp-content\/uploads\/2022\/01\/sluzby-a-casti-stavby_1600x900ms.jpg\"><img loading=\"lazy\" decoding=\"async\" width=\"650\" height=\"290\" src=\"https:\/\/stavebnipartner.cz\/wp-content\/uploads\/2022\/01\/sluzby-a-casti-stavby_650x.jpg\" alt=\"\" class=\"wp-image-48\" srcset=\"https:\/\/stavebnipartner.cz\/wp-content\/uploads\/2022\/01\/sluzby-a-casti-stavby_650x.jpg 650w, https:\/\/stavebnipartner.cz\/wp-content\/uploads\/2022\/01\/sluzby-a-casti-stavby_650x-300x134.jpg 300w, https:\/\/stavebnipartner.cz\/wp-content\/uploads\/2022\/01\/sluzby-a-casti-stavby_650x-600x268.jpg 600w\" sizes=\"auto, (max-width: 650px) 100vw, 650px\" \/><\/a><\/figure>\n","protected":false},"excerpt":{"rendered":"<p>Propojen\u00fd syst\u00e9mZ\u00e1kladem projektu\u00a0MEZZI \u2013 STAVEBN\u00cd PARTNER\u00a0je aktivn\u00ed komunikace se investory, kdy se pokou\u0161\u00edme podchytit v\u0161echny jejich pot\u0159eby (z\u00e1jmy) s propojovat je se solidn\u00edmi dodavateli s nab\u00eddkou kvalitn\u00edch slu\u017eeb za velmi dobr\u00e9 ceny. Vytvo\u0159ili jsme unik\u00e1tn\u00ed obchodn\u00ed a komunika\u010dn\u00ed syst\u00e9m MEZZI-CRM, do kter\u00e9ho jsou zad\u00e1v\u00e1ny informace o stavb\u00e1ch, kontakty na investory a ve\u0161ker\u00e9 z\u00e1jmy investor\u016f (P\u0159\u00edle\u017eitosti). [&hellip;]<\/p>\n","protected":false},"author":1,"featured_media":0,"parent":0,"menu_order":3,"comment_status":"closed","ping_status":"closed","template":"","meta":{"footnotes":""},"class_list":["post-32","page","type-page","status-publish","hentry","post-preview"],"_links":{"self":[{"href":"https:\/\/stavebnipartner.cz\/index.php?rest_route=\/wp\/v2\/pages\/32","targetHints":{"allow":["GET"]}}],"collection":[{"href":"https:\/\/stavebnipartner.cz\/index.php?rest_route=\/wp\/v2\/pages"}],"about":[{"href":"https:\/\/stavebnipartner.cz\/index.php?rest_route=\/wp\/v2\/types\/page"}],"author":[{"embeddable":true,"href":"https:\/\/stavebnipartner.cz\/index.php?rest_route=\/wp\/v2\/users\/1"}],"replies":[{"embeddable":true,"href":"https:\/\/stavebnipartner.cz\/index.php?rest_route=%2Fwp%2Fv2%2Fcomments&post=32"}],"version-history":[{"count":9,"href":"https:\/\/stavebnipartner.cz\/index.php?rest_route=\/wp\/v2\/pages\/32\/revisions"}],"predecessor-version":[{"id":193,"href":"https:\/\/stavebnipartner.cz\/index.php?rest_route=\/wp\/v2\/pages\/32\/revisions\/193"}],"wp:attachment":[{"href":"https:\/\/stavebnipartner.cz\/index.php?rest_route=%2Fwp%2Fv2%2Fmedia&parent=32"}],"curies":[{"name":"wp","href":"https:\/\/api.w.org\/{rel}","templated":true}]}}