{"id":89,"date":"2022-01-15T15:03:49","date_gmt":"2022-01-15T14:03:49","guid":{"rendered":"https:\/\/www.petrsuda.cz.uvirt117.active24.cz\/pomocna\/?page_id=89"},"modified":"2024-01-02T11:59:02","modified_gmt":"2024-01-02T10:59:02","slug":"spollu-data","status":"publish","type":"page","link":"https:\/\/stavebnipartner.cz\/?page_id=89","title":{"rendered":"MEZZI-DATA"},"content":{"rendered":"\n<p class=\"has-small-font-size\">MEZZI-DATA je souhrnn\u00fdm ozna\u010den\u00edm ve\u0161ker\u00fdch kontakt\u016f, informac\u00ed, komunikace a dal\u0161\u00edch dat projektu MEZZI, kter\u00fdch vyu\u017e\u00edvaj\u00ed obchodn\u00edci MEZZI i v\u0161ichni Partne\u0159i projektu.<br><br>Denn\u011b je v syst\u00e9mu zaznamen\u00e1v\u00e1no velik\u00e9 mno\u017estv\u00ed informac\u00ed (dat) z komunikace s klienty.<\/p>\n\n\n\n<p class=\"has-small-font-size\">Prvn\u00edm projektem, pro kter\u00fd byl vyu\u017eit syst\u00e9m MEZZI-CRM je projekt\u00a0<strong>MEZZI &#8211; STAVEBN\u00cd PARTNER<\/strong>, zam\u011b\u0159en\u00e1 na poradenstv\u00ed v oblasti staveb rodinn\u00fdch dom\u016f a rekonstrukc\u00ed. <\/p>\n\n\n\n<p class=\"has-small-font-size\">Podobn\u011b je mo\u017en\u00e9 syst\u00e9m&nbsp;<a href=\"http:\/\/www.spollu.cz\/spollu-crm\/\" target=\"_blank\" rel=\"noreferrer noopener\">&nbsp;<\/a>vyu\u017e\u00edt pro dal\u0161\u00ed projekty.<\/p>\n","protected":false},"excerpt":{"rendered":"<p>MEZZI-DATA je souhrnn\u00fdm ozna\u010den\u00edm ve\u0161ker\u00fdch kontakt\u016f, informac\u00ed, komunikace a dal\u0161\u00edch dat projektu MEZZI, kter\u00fdch vyu\u017e\u00edvaj\u00ed obchodn\u00edci MEZZI i v\u0161ichni Partne\u0159i projektu. Denn\u011b je v syst\u00e9mu zaznamen\u00e1v\u00e1no velik\u00e9 mno\u017estv\u00ed informac\u00ed (dat) z komunikace s klienty. Prvn\u00edm projektem, pro kter\u00fd byl vyu\u017eit syst\u00e9m MEZZI-CRM je projekt\u00a0MEZZI &#8211; STAVEBN\u00cd PARTNER, zam\u011b\u0159en\u00e1 na poradenstv\u00ed v oblasti staveb rodinn\u00fdch dom\u016f [&hellip;]<\/p>\n","protected":false},"author":1,"featured_media":0,"parent":26,"menu_order":2,"comment_status":"closed","ping_status":"closed","template":"","meta":{"footnotes":""},"class_list":["post-89","page","type-page","status-publish","hentry","post-preview"],"_links":{"self":[{"href":"https:\/\/stavebnipartner.cz\/index.php?rest_route=\/wp\/v2\/pages\/89","targetHints":{"allow":["GET"]}}],"collection":[{"href":"https:\/\/stavebnipartner.cz\/index.php?rest_route=\/wp\/v2\/pages"}],"about":[{"href":"https:\/\/stavebnipartner.cz\/index.php?rest_route=\/wp\/v2\/types\/page"}],"author":[{"embeddable":true,"href":"https:\/\/stavebnipartner.cz\/index.php?rest_route=\/wp\/v2\/users\/1"}],"replies":[{"embeddable":true,"href":"https:\/\/stavebnipartner.cz\/index.php?rest_route=%2Fwp%2Fv2%2Fcomments&post=89"}],"version-history":[{"count":4,"href":"https:\/\/stavebnipartner.cz\/index.php?rest_route=\/wp\/v2\/pages\/89\/revisions"}],"predecessor-version":[{"id":190,"href":"https:\/\/stavebnipartner.cz\/index.php?rest_route=\/wp\/v2\/pages\/89\/revisions\/190"}],"up":[{"embeddable":true,"href":"https:\/\/stavebnipartner.cz\/index.php?rest_route=\/wp\/v2\/pages\/26"}],"wp:attachment":[{"href":"https:\/\/stavebnipartner.cz\/index.php?rest_route=%2Fwp%2Fv2%2Fmedia&parent=89"}],"curies":[{"name":"wp","href":"https:\/\/api.w.org\/{rel}","templated":true}]}}