{"id":93,"date":"2022-01-15T15:08:09","date_gmt":"2022-01-15T14:08:09","guid":{"rendered":"https:\/\/www.petrsuda.cz.uvirt117.active24.cz\/pomocna\/?page_id=93"},"modified":"2024-01-02T12:04:33","modified_gmt":"2024-01-02T11:04:33","slug":"o-nas","status":"publish","type":"page","link":"https:\/\/stavebnipartner.cz\/?page_id=93","title":{"rendered":"O n\u00e1s"},"content":{"rendered":"\n<p class=\"has-small-font-size\">MEZZI Group s.r.o. je mate\u0159sk\u00e1 spole\u010dnost, kter\u00e1 vyvinula a vlastn\u00ed obchodn\u00ed a komunika\u010dn\u00ed syst\u00e9m\u00a0MEZZI-CRM.<\/p>\n\n\n\n<p class=\"has-small-font-size\">Jsme \u010dist\u011b obchodn\u00ed organizace, kde v\u00edme, \u017ee pouh\u00e9 pasivn\u00ed oslovov\u00e1n\u00ed klient\u016f nesta\u010d\u00ed a aktivn\u00ed p\u0159\u00edstup ke klient\u016fm je z\u00e1kladn\u00edm p\u0159edpokladem \u00fasp\u011bchu. P\u0159idali jsme vysoce sofistikovan\u00fd syst\u00e9m sledov\u00e1n\u00ed obchodn\u00edch p\u0159\u00edpad\u016f s n\u011bkolika unik\u00e1tn\u00edmi subsyst\u00e9my a jako prvn\u00ed jsme\u00a0on-line\u00a0propojili r\u016fznorod\u00e9 spole\u010dnosti, firmy i \u017eivnostn\u00edky a vytvo\u0159ili jsme podm\u00ednky k dynamick\u00e9mu n\u00e1r\u016fstu Partner\u016f projektu <strong>MEZZI<\/strong>.<\/p>\n\n\n\n<p class=\"has-small-font-size\">Klienti (soukrom\u00e9 osoby nebo firmy) se bezplatn\u011b registruj\u00ed do projektu <strong><strong>MEZZI<\/strong><\/strong>. Z\u00edsk\u00e1vaj\u00ed tak slevy nebo v\u00fdhody, kter\u00fdch by jako jednotlivci nemohli dos\u00e1hnout. Nav\u00edc se jim na\u010d\u00edt\u00e1 objem jejich obchod\u016f jak u dan\u00e9ho Partnera, tak celkov\u00fd objem obchod\u016f v r\u00e1mci projektu <strong><strong>MEZZI<\/strong><\/strong>.<\/p>\n\n\n\n<p class=\"has-small-font-size\">Partnery projektu <strong><strong>MEZZI<\/strong><\/strong> vyb\u00edr\u00e1me a db\u00e1me na to, aby klienti <strong><strong>MEZZI<\/strong><\/strong> mohli m\u00edt jistotu solidn\u00edho p\u0159\u00edstupu jednotliv\u00fdch Partner\u016f k nim, jako z\u00e1kazn\u00edk\u016fm.<\/p>\n\n\n\n<p class=\"has-small-font-size\">Jsme pevn\u011b p\u0159esv\u011bd\u010deni, \u017ee na konci obchodu mus\u00ed b\u00fdt spokojeny v\u0161echny strany a \u017ee pouze spolupr\u00e1ce je cestou k vy\u0161\u0161\u00edm \u00fasp\u011bch\u016fm. Ve\u0161kerou svou \u010dinnost sm\u011b\u0159ujeme k napl\u0148ov\u00e1n\u00ed hlavn\u00edho sloganu:<\/p>\n\n\n\n<p class=\"has-text-color\" style=\"color:#e41b46\"><strong>MEZZI<\/strong> <strong>&#8230; v\u00e1mi a stavbou<\/strong><\/p>\n","protected":false},"excerpt":{"rendered":"<p>MEZZI Group s.r.o. je mate\u0159sk\u00e1 spole\u010dnost, kter\u00e1 vyvinula a vlastn\u00ed obchodn\u00ed a komunika\u010dn\u00ed syst\u00e9m\u00a0MEZZI-CRM. Jsme \u010dist\u011b obchodn\u00ed organizace, kde v\u00edme, \u017ee pouh\u00e9 pasivn\u00ed oslovov\u00e1n\u00ed klient\u016f nesta\u010d\u00ed a aktivn\u00ed p\u0159\u00edstup ke klient\u016fm je z\u00e1kladn\u00edm p\u0159edpokladem \u00fasp\u011bchu. P\u0159idali jsme vysoce sofistikovan\u00fd syst\u00e9m sledov\u00e1n\u00ed obchodn\u00edch p\u0159\u00edpad\u016f s n\u011bkolika unik\u00e1tn\u00edmi subsyst\u00e9my a jako prvn\u00ed jsme\u00a0on-line\u00a0propojili r\u016fznorod\u00e9 spole\u010dnosti, firmy i [&hellip;]<\/p>\n","protected":false},"author":1,"featured_media":0,"parent":0,"menu_order":6,"comment_status":"closed","ping_status":"closed","template":"","meta":{"footnotes":""},"class_list":["post-93","page","type-page","status-publish","hentry","post-preview"],"_links":{"self":[{"href":"https:\/\/stavebnipartner.cz\/index.php?rest_route=\/wp\/v2\/pages\/93","targetHints":{"allow":["GET"]}}],"collection":[{"href":"https:\/\/stavebnipartner.cz\/index.php?rest_route=\/wp\/v2\/pages"}],"about":[{"href":"https:\/\/stavebnipartner.cz\/index.php?rest_route=\/wp\/v2\/types\/page"}],"author":[{"embeddable":true,"href":"https:\/\/stavebnipartner.cz\/index.php?rest_route=\/wp\/v2\/users\/1"}],"replies":[{"embeddable":true,"href":"https:\/\/stavebnipartner.cz\/index.php?rest_route=%2Fwp%2Fv2%2Fcomments&post=93"}],"version-history":[{"count":4,"href":"https:\/\/stavebnipartner.cz\/index.php?rest_route=\/wp\/v2\/pages\/93\/revisions"}],"predecessor-version":[{"id":195,"href":"https:\/\/stavebnipartner.cz\/index.php?rest_route=\/wp\/v2\/pages\/93\/revisions\/195"}],"wp:attachment":[{"href":"https:\/\/stavebnipartner.cz\/index.php?rest_route=%2Fwp%2Fv2%2Fmedia&parent=93"}],"curies":[{"name":"wp","href":"https:\/\/api.w.org\/{rel}","templated":true}]}}