{"id":95,"date":"2022-01-15T15:08:48","date_gmt":"2022-01-15T14:08:48","guid":{"rendered":"https:\/\/www.petrsuda.cz.uvirt117.active24.cz\/pomocna\/?page_id=95"},"modified":"2024-03-01T17:41:10","modified_gmt":"2024-03-01T16:41:10","slug":"kontakt","status":"publish","type":"page","link":"https:\/\/stavebnipartner.cz\/?page_id=95","title":{"rendered":"Kontakt"},"content":{"rendered":"\n<p class=\"has-small-font-size\" id=\"block-b569750b-38f9-4f3c-9ee2-51b8b536e447\"><strong><br>MEZZI Group s.r.o.<\/strong><\/p>\n\n\n\n<p class=\"has-dark-gray-color has-text-color\" id=\"block-9895d091-81c7-409d-8354-d4862847aa13\" style=\"font-size:14px\"><br>I\u010cO: 21055891<br>DI\u010c: CZ21055891 &nbsp;<\/p>\n\n\n\n<p class=\"has-dark-gray-color has-text-color has-small-font-size\" id=\"block-2aa21429-0c34-4baf-bcd6-92ea3890ac5b\">777 999 299<br>602 700 100<\/p>\n\n\n\n<p class=\"has-text-color has-small-font-size\" style=\"color:#e41b46\"><a href=\"mailto:obchod@StavebniPartner.cz\">obchod@StavebniPartner.cz<\/a><br><a href=\"mailto:obchod@mezzi.cz\">obchod@mezzi.cz<\/a><\/p>\n\n\n\n<p class=\"has-small-font-size\" id=\"block-5a96f95e-9879-44b3-8107-b4cfd011f98e\">S\u00eddlo spole\u010dnosti: Na dolin\u00e1ch 1272\/41, 140 00 Praha 4<br>&nbsp;<\/p>\n\n\n\n<p id=\"block-865dc8ec-4c17-49d4-8ff9-d0d2d3dc4fc6\" style=\"font-size:12px\">Spole\u010dnost je zaps\u00e1na v obchodn\u00edm rejst\u0159\u00edku veden\u00e9m M\u011bstsk\u00fdm soudem v Praze, odd\u00edl C, vlo\u017eka 396315.<\/p>\n","protected":false},"excerpt":{"rendered":"<p>MEZZI Group s.r.o. I\u010cO: 21055891DI\u010c: CZ21055891 &nbsp; 777 999 299602 700 100 obchod@StavebniPartner.czobchod@mezzi.cz S\u00eddlo spole\u010dnosti: Na dolin\u00e1ch 1272\/41, 140 00 Praha 4&nbsp; Spole\u010dnost je zaps\u00e1na v obchodn\u00edm rejst\u0159\u00edku veden\u00e9m M\u011bstsk\u00fdm soudem v Praze, odd\u00edl C, vlo\u017eka 396315.<\/p>\n","protected":false},"author":1,"featured_media":0,"parent":0,"menu_order":7,"comment_status":"closed","ping_status":"closed","template":"","meta":{"footnotes":""},"class_list":["post-95","page","type-page","status-publish","hentry","post-preview"],"_links":{"self":[{"href":"https:\/\/stavebnipartner.cz\/index.php?rest_route=\/wp\/v2\/pages\/95","targetHints":{"allow":["GET"]}}],"collection":[{"href":"https:\/\/stavebnipartner.cz\/index.php?rest_route=\/wp\/v2\/pages"}],"about":[{"href":"https:\/\/stavebnipartner.cz\/index.php?rest_route=\/wp\/v2\/types\/page"}],"author":[{"embeddable":true,"href":"https:\/\/stavebnipartner.cz\/index.php?rest_route=\/wp\/v2\/users\/1"}],"replies":[{"embeddable":true,"href":"https:\/\/stavebnipartner.cz\/index.php?rest_route=%2Fwp%2Fv2%2Fcomments&post=95"}],"version-history":[{"count":13,"href":"https:\/\/stavebnipartner.cz\/index.php?rest_route=\/wp\/v2\/pages\/95\/revisions"}],"predecessor-version":[{"id":228,"href":"https:\/\/stavebnipartner.cz\/index.php?rest_route=\/wp\/v2\/pages\/95\/revisions\/228"}],"wp:attachment":[{"href":"https:\/\/stavebnipartner.cz\/index.php?rest_route=%2Fwp%2Fv2%2Fmedia&parent=95"}],"curies":[{"name":"wp","href":"https:\/\/api.w.org\/{rel}","templated":true}]}}