{"id":97,"date":"2022-01-15T15:09:21","date_gmt":"2022-01-15T14:09:21","guid":{"rendered":"https:\/\/www.petrsuda.cz.uvirt117.active24.cz\/pomocna\/?page_id=97"},"modified":"2024-01-02T12:10:47","modified_gmt":"2024-01-02T11:10:47","slug":"spolluprace","status":"publish","type":"page","link":"https:\/\/stavebnipartner.cz\/?page_id=97","title":{"rendered":"Spollupr\u00e1ce"},"content":{"rendered":"\n<p class=\"has-text-color has-small-font-size\" style=\"color:#e41b46\"><strong>RECOMMENDING program<\/strong><\/p>\n\n\n\n<p class=\"has-small-font-size\">Sou\u010d\u00e1st\u00ed projektu\u00a0<strong>MEZZI\u00a0<\/strong>je provizn\u00ed subsyst\u00e9m MEZZI-RECOMMENDING.<\/p>\n\n\n\n<p class=\"has-small-font-size\">Jedn\u00e1 se o provizn\u00ed prvek, kter\u00fd poskytuje odm\u011bnu komukoli a doporu\u010d\u00ed do projektu\u00a0<strong><strong>MEZZI<\/strong><\/strong> nov\u00e9ho klienta a alespo\u0148 jeden jeho z\u00e1jem (obchodn\u00ed p\u0159\u00edpad). Podm\u00ednkou je, \u017ee klient je\u0161t\u011b nesm\u00ed b\u00fdt registrov\u00e1n v syst\u00e9mu.\u00a0<br><br><strong>Z\u00edsk\u00e1vejte bez pr\u00e1ce provizn\u00ed &#8222;dividendy&#8220; z obchod\u016f V\u00e1mi doporu\u010den\u00fdch klient\u016f.<\/strong><\/p>\n\n\n\n<p class=\"has-small-font-size\"><strong><br>Odm\u011bna&nbsp;<br><\/strong>V\u00e1mi doporu\u010den\u00fd klient je na st\u00e1lo spojen s Va\u0161\u00ed osobou (firmou) v syst\u00e9mu<a rel=\"noreferrer noopener\" href=\"http:\/\/www.spollu.cz\/subsystemy\" target=\"_blank\">&nbsp;<\/a><a rel=\"noreferrer noopener\" href=\"http:\/\/www.spollu.cz\/spollu-crm\/\" target=\"_blank\"><\/a>. Tzn. ze v\u0161ech (!!!) obchodn\u00edch p\u0159\u00edpad\u016f mezi dan\u00fdm klientem a dodavateli budete z\u00edsk\u00e1vat provizi. V\u00fd\u0161e provize se li\u0161\u00ed podle konkr\u00e9tn\u00edch obchodn\u00edch p\u0159\u00edpad\u016f. Vzhledem k tomu, \u017ee syst\u00e9m pracuje s velmi mal\u00fdmi provizemi od Partner\u016f, je provize v \u0159\u00e1dech desetin procent z obchod\u016f. I tak se ale jedn\u00e1 o des\u00edtky a stovky korun z ka\u017ed\u00e9ho obchodu a b\u011bhem roku m\u016f\u017ee j\u00edt o docela zaj\u00edmavou \u010d\u00e1stku.<\/p>\n\n\n\n<p class=\"has-small-font-size\"><strong>Jak na to<br><\/strong>Kontaktujte n\u00e1s telefonicky nebo e-mailem a doporu\u010dte do projektu\u00a0<strong><strong>MEZZI<\/strong><\/strong> nov\u00e9ho klienta a alespo\u0148 jeden jeho z\u00e1jem (obchodn\u00ed p\u0159\u00edpad). Klienta na st\u00e1lo spoj\u00edme s Va\u0161\u00ed firmou nebo osobou v syst\u00e9mu. Doporu\u010den\u00e9ho klienta kontaktuje pracovn\u00edk MEZZI a dozv\u00ed se bli\u017e\u0161\u00ed informace. Ov\u011b\u0159\u00edme jeho toto\u017enost a vazbu na V\u00e1s jako Recommending partnera a registrujeme klienta do syst\u00e9mu MEZZI-CRM.<\/p>\n\n\n\n<p class=\"has-small-font-size\"><strong>P\u0159\u00edklad<br><\/strong>Petr doporu\u010d\u00ed Pavlovi, \u017ee by si mohl okna v\u00fdhodn\u011bji po\u0159\u00eddit od Partnera MEZZI. Petr po\u0161le mailem z\u00e1jem Pavla, kontakt na n\u011bj a nap\u00ed\u0161e do pozn\u00e1mky sv\u016fj Recommending k\u00f3d (pokud ji\u017e Petr k\u00f3d od MEZZI obdr\u017eel). A to je v\u0161echno.<\/p>\n\n\n\n<p class=\"has-small-font-size\">S Pavlem se spoj\u00ed obchodn\u00ed mana\u017eer MEZZI, projde s n\u00edm dan\u00fd z\u00e1jem (p\u0159\u00edpadn\u00e9 dal\u0161\u00ed z\u00e1jmy) a registruje jej spolu se z\u00e1jmy do syst\u00e9mu pod Petrem jako Recommending partnerem<a href=\"http:\/\/www.stavebnipartner.cz\/spollu-crm\" target=\"_blank\" rel=\"noreferrer noopener\">.\u00a0<\/a>Pavlovi n\u00e1sledn\u011b zas\u00edl\u00e1me\u00a0podrobn\u00e9 informace o mo\u017enostech vyu\u017eit\u00ed v\u00fdhodn\u011bj\u0161\u00edch cen a dal\u0161\u00edch v\u00fdhod. A ze v\u0161ech t\u011bchto obchod\u016f dostane Petr provizi.<\/p>\n","protected":false},"excerpt":{"rendered":"<p>RECOMMENDING program Sou\u010d\u00e1st\u00ed projektu\u00a0MEZZI\u00a0je provizn\u00ed subsyst\u00e9m MEZZI-RECOMMENDING. Jedn\u00e1 se o provizn\u00ed prvek, kter\u00fd poskytuje odm\u011bnu komukoli a doporu\u010d\u00ed do projektu\u00a0MEZZI nov\u00e9ho klienta a alespo\u0148 jeden jeho z\u00e1jem (obchodn\u00ed p\u0159\u00edpad). Podm\u00ednkou je, \u017ee klient je\u0161t\u011b nesm\u00ed b\u00fdt registrov\u00e1n v syst\u00e9mu.\u00a0 Z\u00edsk\u00e1vejte bez pr\u00e1ce provizn\u00ed &#8222;dividendy&#8220; z obchod\u016f V\u00e1mi doporu\u010den\u00fdch klient\u016f. Odm\u011bna&nbsp;V\u00e1mi doporu\u010den\u00fd klient je na st\u00e1lo [&hellip;]<\/p>\n","protected":false},"author":1,"featured_media":0,"parent":0,"menu_order":8,"comment_status":"closed","ping_status":"closed","template":"","meta":{"footnotes":""},"class_list":["post-97","page","type-page","status-publish","hentry","post-preview"],"_links":{"self":[{"href":"https:\/\/stavebnipartner.cz\/index.php?rest_route=\/wp\/v2\/pages\/97","targetHints":{"allow":["GET"]}}],"collection":[{"href":"https:\/\/stavebnipartner.cz\/index.php?rest_route=\/wp\/v2\/pages"}],"about":[{"href":"https:\/\/stavebnipartner.cz\/index.php?rest_route=\/wp\/v2\/types\/page"}],"author":[{"embeddable":true,"href":"https:\/\/stavebnipartner.cz\/index.php?rest_route=\/wp\/v2\/users\/1"}],"replies":[{"embeddable":true,"href":"https:\/\/stavebnipartner.cz\/index.php?rest_route=%2Fwp%2Fv2%2Fcomments&post=97"}],"version-history":[{"count":6,"href":"https:\/\/stavebnipartner.cz\/index.php?rest_route=\/wp\/v2\/pages\/97\/revisions"}],"predecessor-version":[{"id":199,"href":"https:\/\/stavebnipartner.cz\/index.php?rest_route=\/wp\/v2\/pages\/97\/revisions\/199"}],"wp:attachment":[{"href":"https:\/\/stavebnipartner.cz\/index.php?rest_route=%2Fwp%2Fv2%2Fmedia&parent=97"}],"curies":[{"name":"wp","href":"https:\/\/api.w.org\/{rel}","templated":true}]}}